{"id":760,"date":"2023-07-06T17:24:49","date_gmt":"2023-07-06T17:24:49","guid":{"rendered":"https:\/\/vidapublicarevista.com\/?page_id=760"},"modified":"2026-02-13T03:58:55","modified_gmt":"2026-02-13T03:58:55","slug":"directorio","status":"publish","type":"page","link":"https:\/\/vidapublicarevista.com\/index.php\/directorio\/","title":{"rendered":"Directorio"},"content":{"rendered":"<style>\/*! elementor - v3.14.0 - 26-06-2023 *\/<br \/>\n.elementor-heading-title{padding:0;margin:0;line-height:1}.elementor-widget-heading .elementor-heading-title[class*=elementor-size-]>a{color:inherit;font-size:inherit;line-height:inherit}.elementor-widget-heading .elementor-heading-title.elementor-size-small{font-size:15px}.elementor-widget-heading .elementor-heading-title.elementor-size-medium{font-size:19px}.elementor-widget-heading .elementor-heading-title.elementor-size-large{font-size:29px}.elementor-widget-heading .elementor-heading-title.elementor-size-xl{font-size:39px}.elementor-widget-heading .elementor-heading-title.elementor-size-xxl{font-size:59px}<\/style>\n<h2>Directorio<\/h2>\n<p><strong>Director General:<\/strong> Jos\u00e9 de Victoria<br \/>\n<strong>Coordinador editorial:<\/strong> Ricardo Espinosa de los Monteros Zazueta<br \/>\n<strong>Representante Baja California Sur:<\/strong> Alfredo Ch\u00e1vez Rubio (alfredochavez96@hotmail.com)<br \/>\n<strong>Deportes:<\/strong> Miguel \u00c1ngel L\u00f3pez<\/p>\n<h3><strong>Consejo editorial:<\/strong><\/h3>\n<ul>\n<li>Dr. Jorge Guillermo Cano Tiznado<\/li>\n<li>Dr. Fernando Gonz\u00e1lez Espinosa de los Monteros<\/li>\n<li>Dr. Edgar Donato<\/li>\n<li>H\u00e9ctor Monge<\/li>\n<li>Diana Osiris Mendivil Mora<\/li>\n<li>Jos\u00e9 de Victoria<\/li>\n<li>Dr. Gerardo L\u00f3pez Cervantes<\/li>\n<li>Miguel \u00c1ngel L\u00f3pez<\/li>\n<li>Jorge Arag\u00f3n Campos<\/li>\n<li>Dr. Sandra Reyes<\/li>\n<li>Lic. Adri\u00e1n Espinosa de los Monteros Tatto<\/li>\n<li>Mtra. Karla de Doig Alvear<\/li>\n<\/ul>\n","protected":false},"excerpt":{"rendered":"<p>Directorio Director General: Jos\u00e9 de Victoria Coordinador editorial: Ricardo Espinosa de los Monteros Zazueta Representante Baja California Sur: Alfredo Ch\u00e1vez Rubio (alfredochavez96@hotmail.com) Deportes: Miguel \u00c1ngel L\u00f3pez Consejo editorial: Dr. Jorge Guillermo Cano Tiznado Dr. Fernando Gonz\u00e1lez Espinosa de los Monteros Dr. Edgar Donato H\u00e9ctor Monge Diana Osiris Mendivil Mora Jos\u00e9 de Victoria Dr. Gerardo L\u00f3pez [&hellip;]<\/p>\n","protected":false},"author":1,"featured_media":0,"parent":0,"menu_order":0,"comment_status":"closed","ping_status":"closed","template":"","meta":{"om_disable_all_campaigns":false,"_monsterinsights_skip_tracking":false,"_monsterinsights_sitenote_active":false,"_monsterinsights_sitenote_note":"","_monsterinsights_sitenote_category":0,"_uf_show_specific_survey":0,"_uf_disable_surveys":false,"site-sidebar-layout":"no-sidebar","site-content-layout":"page-builder","ast-site-content-layout":"full-width-container","site-content-style":"unboxed","site-sidebar-style":"unboxed","ast-global-header-display":"","ast-banner-title-visibility":"","ast-main-header-display":"","ast-hfb-above-header-display":"","ast-hfb-below-header-display":"","ast-hfb-mobile-header-display":"","site-post-title":"disabled","ast-breadcrumbs-content":"","ast-featured-img":"disabled","footer-sml-layout":"","theme-transparent-header-meta":"","adv-header-id-meta":"","stick-header-meta":"","header-above-stick-meta":"","header-main-stick-meta":"","header-below-stick-meta":"","astra-migrate-meta-layouts":"set","ast-page-background-enabled":"default","ast-page-background-meta":{"desktop":{"background-color":"var(--ast-global-color-4)","background-image":"","background-repeat":"repeat","background-position":"center center","background-size":"auto","background-attachment":"scroll","background-type":"","background-media":"","overlay-type":"","overlay-color":"","overlay-opacity":"","overlay-gradient":""},"tablet":{"background-color":"","background-image":"","background-repeat":"repeat","background-position":"center center","background-size":"auto","background-attachment":"scroll","background-type":"","background-media":"","overlay-type":"","overlay-color":"","overlay-opacity":"","overlay-gradient":""},"mobile":{"background-color":"","background-image":"","background-repeat":"repeat","background-position":"center center","background-size":"auto","background-attachment":"scroll","background-type":"","background-media":"","overlay-type":"","overlay-color":"","overlay-opacity":"","overlay-gradient":""}},"ast-content-background-meta":{"desktop":{"background-color":"var(--ast-global-color-5)","background-image":"","background-repeat":"repeat","background-position":"center center","background-size":"auto","background-attachment":"scroll","background-type":"","background-media":"","overlay-type":"","overlay-color":"","overlay-opacity":"","overlay-gradient":""},"tablet":{"background-color":"var(--ast-global-color-5)","background-image":"","background-repeat":"repeat","background-position":"center center","background-size":"auto","background-attachment":"scroll","background-type":"","background-media":"","overlay-type":"","overlay-color":"","overlay-opacity":"","overlay-gradient":""},"mobile":{"background-color":"var(--ast-global-color-5)","background-image":"","background-repeat":"repeat","background-position":"center center","background-size":"auto","background-attachment":"scroll","background-type":"","background-media":"","overlay-type":"","overlay-color":"","overlay-opacity":"","overlay-gradient":""}},"footnotes":""},"class_list":["post-760","page","type-page","status-publish","hentry"],"aioseo_notices":[],"_links":{"self":[{"href":"https:\/\/vidapublicarevista.com\/index.php\/wp-json\/wp\/v2\/pages\/760","targetHints":{"allow":["GET"]}}],"collection":[{"href":"https:\/\/vidapublicarevista.com\/index.php\/wp-json\/wp\/v2\/pages"}],"about":[{"href":"https:\/\/vidapublicarevista.com\/index.php\/wp-json\/wp\/v2\/types\/page"}],"author":[{"embeddable":true,"href":"https:\/\/vidapublicarevista.com\/index.php\/wp-json\/wp\/v2\/users\/1"}],"replies":[{"embeddable":true,"href":"https:\/\/vidapublicarevista.com\/index.php\/wp-json\/wp\/v2\/comments?post=760"}],"version-history":[{"count":15,"href":"https:\/\/vidapublicarevista.com\/index.php\/wp-json\/wp\/v2\/pages\/760\/revisions"}],"predecessor-version":[{"id":4503,"href":"https:\/\/vidapublicarevista.com\/index.php\/wp-json\/wp\/v2\/pages\/760\/revisions\/4503"}],"wp:attachment":[{"href":"https:\/\/vidapublicarevista.com\/index.php\/wp-json\/wp\/v2\/media?parent=760"}],"curies":[{"name":"wp","href":"https:\/\/api.w.org\/{rel}","templated":true}]}}